{"id":2148,"date":"2021-07-19T13:09:36","date_gmt":"2021-07-19T18:09:36","guid":{"rendered":"https:\/\/www.nbs-cam.com\/product\/systeme-de-camera-intelligente-haute-definition-ai100\/"},"modified":"2023-07-17T15:18:22","modified_gmt":"2023-07-17T20:18:22","slug":"systeme-de-camera-intelligente-haute-definition-ai100","status":"publish","type":"product","link":"https:\/\/www.nbs-cam.com\/en\/product\/systeme-de-camera-intelligente-haute-definition-ai100\/","title":{"rendered":"AI100 high-definition smart camera system"},"content":{"rendered":"<p>NBS AI100 Intelligent Pedestrian Detection Camera adopts deep learning technology to detect pedestrians in front of the vehicle, on the side and behind the vehicle in real time, so as to warn drivers of potential risks of collision with pedestrians, and improve the driving safety!<\/p>\n<p>The NBS AI100 camera can be installed on the side, front and back of the vehicle, to intelligently detect pedestrians within 20M in real time. In addition, this system can be used in various vehicles, such as buses, coaches, trucks, and construction machinery, etc.<\/p>\n<p><img loading=\"lazy\" decoding=\"async\" class=\"alignnone size-large wp-image-2510\" src=\"https:\/\/www.nbs-cam.com\/wp-content\/uploads\/2021\/07\/PK77.231A1_Characteristics-A-1024x775.png\" alt=\"\" width=\"1024\" height=\"775\" srcset=\"https:\/\/www.nbs-cam.com\/wp-content\/uploads\/2021\/07\/PK77.231A1_Characteristics-A-1024x775.png 1024w, https:\/\/www.nbs-cam.com\/wp-content\/uploads\/2021\/07\/PK77.231A1_Characteristics-A-300x227.png 300w, https:\/\/www.nbs-cam.com\/wp-content\/uploads\/2021\/07\/PK77.231A1_Characteristics-A-150x114.png 150w, https:\/\/www.nbs-cam.com\/wp-content\/uploads\/2021\/07\/PK77.231A1_Characteristics-A-768x581.png 768w, https:\/\/www.nbs-cam.com\/wp-content\/uploads\/2021\/07\/PK77.231A1_Characteristics-A-1536x1163.png 1536w, https:\/\/www.nbs-cam.com\/wp-content\/uploads\/2021\/07\/PK77.231A1_Characteristics-A-2048x1550.png 2048w, https:\/\/www.nbs-cam.com\/wp-content\/uploads\/2021\/07\/PK77.231A1_Characteristics-A-600x454.png 600w\" sizes=\"auto, (max-width: 1024px) 100vw, 1024px\" \/><\/p>\n<p><img loading=\"lazy\" decoding=\"async\" class=\"alignnone size-full wp-image-2209\" src=\"https:\/\/www.nbs-cam.com\/wp-content\/uploads\/2021\/07\/Camera-AI-detection-distance.jpg\" alt=\"\" width=\"801\" height=\"427\" srcset=\"https:\/\/www.nbs-cam.com\/wp-content\/uploads\/2021\/07\/Camera-AI-detection-distance.jpg 801w, https:\/\/www.nbs-cam.com\/wp-content\/uploads\/2021\/07\/Camera-AI-detection-distance-300x160.jpg 300w, https:\/\/www.nbs-cam.com\/wp-content\/uploads\/2021\/07\/Camera-AI-detection-distance-150x80.jpg 150w, https:\/\/www.nbs-cam.com\/wp-content\/uploads\/2021\/07\/Camera-AI-detection-distance-768x409.jpg 768w, https:\/\/www.nbs-cam.com\/wp-content\/uploads\/2021\/07\/Camera-AI-detection-distance-600x320.jpg 600w\" sizes=\"auto, (max-width: 801px) 100vw, 801px\" \/><\/p>\n","protected":false},"excerpt":{"rendered":"<ul>\n<li>\u00a0Pedestrian and cyclist detection<\/li>\n<li>Detection range 0.5-20M adjustable<\/li>\n<li>Adjustable color stripes to show detected areas;<\/li>\n<li>No control box needed, can be directly connected to normal monitors or DVR.<\/li>\n<li>Camera housing heating under 10\u00b0C<\/li>\n<li>Waterproof\/dustproof rating: IP69K<\/li>\n<li>Possibility to have 1 to 4 cameras on the same system<\/li>\n<li>1 year warranty<\/li>\n<li><strong>Contact us to get a price!<\/strong><\/li>\n<\/ul>\n","protected":false},"featured_media":2144,"comment_status":"open","ping_status":"closed","template":"","meta":{"_acf_changed":false},"product_brand":[],"product_cat":[102],"product_tag":[105,73,84],"class_list":{"0":"post-2148","1":"product","2":"type-product","3":"status-publish","4":"has-post-thumbnail","6":"product_cat-pedestrian-detection","7":"product_tag-ai-camera","8":"product_tag-hd-en","9":"product_tag-quad-view","10":"tm-has-options","12":"first","13":"instock","14":"taxable","15":"shipping-taxable","16":"product-type-simple"},"acf":[],"yoast_head":"<!-- This site is optimized with the Yoast SEO plugin v27.4 - https:\/\/yoast.com\/product\/yoast-seo-wordpress\/ -->\n<title>AI100 high-definition smart camera system - NBS Cam<\/title>\n<meta name=\"description\" content=\"La cam\u00e9ra de d\u00e9tection de pi\u00e9tons intelligente NBS-Cam AI100 adopte une technologie d&#039;apprentissageen profondeur (DEEP Learning) pour d\u00e9tecter les pi\u00e9tons en temps r\u00e9el, afin d&#039;avertir le conducteur des risques potentiels de collision avec les pi\u00e9tons et d&#039;am\u00e9liorer la s\u00e9curit\u00e9 de conduite !\" \/>\n<meta name=\"robots\" content=\"index, follow, max-snippet:-1, max-image-preview:large, max-video-preview:-1\" \/>\n<link rel=\"canonical\" href=\"https:\/\/www.nbs-cam.com\/en\/product\/systeme-de-camera-intelligente-haute-definition-ai100\/\" \/>\n<meta property=\"og:locale\" content=\"en_US\" \/>\n<meta property=\"og:type\" content=\"article\" \/>\n<meta property=\"og:title\" content=\"AI100 high-definition smart camera system\" \/>\n<meta property=\"og:description\" content=\"NBS AI100 Intelligent Pedestrian Detection Camera adopts deep learning technology to detect pedestrians in front of the vehicle, on the side and behind the vehicle in real time, so as to warn drivers of potential risks of collision with pedestrians, and improve the driving safety!The NBS AI100 camera can be installed on the side, front and back of the vehicle, to intelligently detect pedestrians within 20M in real time. In addition, this system can be used in various vehicles, such as buses, coaches, trucks, and construction machinery, etc.\" \/>\n<meta property=\"og:url\" content=\"https:\/\/www.nbs-cam.com\/en\/product\/systeme-de-camera-intelligente-haute-definition-ai100\/\" \/>\n<meta property=\"og:site_name\" content=\"NBS Cam\" \/>\n<meta property=\"article:publisher\" content=\"https:\/\/www.facebook.com\/GroupeAlltech\" \/>\n<meta property=\"article:modified_time\" content=\"2023-07-17T20:18:22+00:00\" \/>\n<meta property=\"og:image\" content=\"https:\/\/www.nbs-cam.com\/wp-content\/uploads\/2021\/07\/PK77.231A1_Characteristics-1.png\" \/>\n\t<meta property=\"og:image:width\" content=\"2346\" \/>\n\t<meta property=\"og:image:height\" content=\"1776\" \/>\n\t<meta property=\"og:image:type\" content=\"image\/png\" \/>\n<meta name=\"twitter:card\" content=\"summary_large_image\" \/>\n<meta name=\"twitter:label1\" content=\"Est. reading time\" \/>\n\t<meta name=\"twitter:data1\" content=\"1 minute\" \/>\n<script type=\"application\/ld+json\" class=\"yoast-schema-graph\">{\"@context\":\"https:\\\/\\\/schema.org\",\"@graph\":[{\"@type\":\"WebPage\",\"@id\":\"https:\\\/\\\/www.nbs-cam.com\\\/en\\\/product\\\/systeme-de-camera-intelligente-haute-definition-ai100\\\/\",\"url\":\"https:\\\/\\\/www.nbs-cam.com\\\/en\\\/product\\\/systeme-de-camera-intelligente-haute-definition-ai100\\\/\",\"name\":\"AI100 high-definition smart camera system - NBS Cam\",\"isPartOf\":{\"@id\":\"https:\\\/\\\/www.nbs-cam.com\\\/en\\\/#website\"},\"primaryImageOfPage\":{\"@id\":\"https:\\\/\\\/www.nbs-cam.com\\\/en\\\/product\\\/systeme-de-camera-intelligente-haute-definition-ai100\\\/#primaryimage\"},\"image\":{\"@id\":\"https:\\\/\\\/www.nbs-cam.com\\\/en\\\/product\\\/systeme-de-camera-intelligente-haute-definition-ai100\\\/#primaryimage\"},\"thumbnailUrl\":\"https:\\\/\\\/www.nbs-cam.com\\\/wp-content\\\/uploads\\\/2021\\\/07\\\/PK77.231A1.png\",\"datePublished\":\"2021-07-19T18:09:36+00:00\",\"dateModified\":\"2023-07-17T20:18:22+00:00\",\"description\":\"La cam\u00e9ra de d\u00e9tection de pi\u00e9tons intelligente NBS-Cam AI100 adopte une technologie d'apprentissageen profondeur (DEEP Learning) pour d\u00e9tecter les pi\u00e9tons en temps r\u00e9el, afin d'avertir le conducteur des risques potentiels de collision avec les pi\u00e9tons et d'am\u00e9liorer la s\u00e9curit\u00e9 de conduite !\",\"breadcrumb\":{\"@id\":\"https:\\\/\\\/www.nbs-cam.com\\\/en\\\/product\\\/systeme-de-camera-intelligente-haute-definition-ai100\\\/#breadcrumb\"},\"inLanguage\":\"en-US\",\"potentialAction\":[{\"@type\":\"ReadAction\",\"target\":[\"https:\\\/\\\/www.nbs-cam.com\\\/en\\\/product\\\/systeme-de-camera-intelligente-haute-definition-ai100\\\/\"]}]},{\"@type\":\"ImageObject\",\"inLanguage\":\"en-US\",\"@id\":\"https:\\\/\\\/www.nbs-cam.com\\\/en\\\/product\\\/systeme-de-camera-intelligente-haute-definition-ai100\\\/#primaryimage\",\"url\":\"https:\\\/\\\/www.nbs-cam.com\\\/wp-content\\\/uploads\\\/2021\\\/07\\\/PK77.231A1.png\",\"contentUrl\":\"https:\\\/\\\/www.nbs-cam.com\\\/wp-content\\\/uploads\\\/2021\\\/07\\\/PK77.231A1.png\",\"width\":1884,\"height\":1377,\"caption\":\"Cam\u00e9ra intelligente NBS AI100\"},{\"@type\":\"BreadcrumbList\",\"@id\":\"https:\\\/\\\/www.nbs-cam.com\\\/en\\\/product\\\/systeme-de-camera-intelligente-haute-definition-ai100\\\/#breadcrumb\",\"itemListElement\":[{\"@type\":\"ListItem\",\"position\":1,\"name\":\"Accueil\",\"item\":\"https:\\\/\\\/www.nbs-cam.com\\\/en\\\/\"},{\"@type\":\"ListItem\",\"position\":2,\"name\":\"Boutique\",\"item\":\"https:\\\/\\\/www.nbs-cam.com\\\/boutique\\\/\"},{\"@type\":\"ListItem\",\"position\":3,\"name\":\"AI100 high-definition smart camera system\"}]},{\"@type\":\"WebSite\",\"@id\":\"https:\\\/\\\/www.nbs-cam.com\\\/en\\\/#website\",\"url\":\"https:\\\/\\\/www.nbs-cam.com\\\/en\\\/\",\"name\":\"NBS Cam\",\"description\":\"&Eacute;viter les angles morts!\",\"publisher\":{\"@id\":\"https:\\\/\\\/www.nbs-cam.com\\\/en\\\/#organization\"},\"potentialAction\":[{\"@type\":\"SearchAction\",\"target\":{\"@type\":\"EntryPoint\",\"urlTemplate\":\"https:\\\/\\\/www.nbs-cam.com\\\/en\\\/?s={search_term_string}\"},\"query-input\":{\"@type\":\"PropertyValueSpecification\",\"valueRequired\":true,\"valueName\":\"search_term_string\"}}],\"inLanguage\":\"en-US\"},{\"@type\":\"Organization\",\"@id\":\"https:\\\/\\\/www.nbs-cam.com\\\/en\\\/#organization\",\"name\":\"Groupe Alltech\",\"url\":\"https:\\\/\\\/www.nbs-cam.com\\\/en\\\/\",\"logo\":{\"@type\":\"ImageObject\",\"inLanguage\":\"en-US\",\"@id\":\"https:\\\/\\\/www.nbs-cam.com\\\/en\\\/#\\\/schema\\\/logo\\\/image\\\/\",\"url\":\"https:\\\/\\\/www.nbs-cam.com\\\/wp-content\\\/uploads\\\/2021\\\/07\\\/NBS-Cam_Logo.jpg\",\"contentUrl\":\"https:\\\/\\\/www.nbs-cam.com\\\/wp-content\\\/uploads\\\/2021\\\/07\\\/NBS-Cam_Logo.jpg\",\"width\":860,\"height\":262,\"caption\":\"Groupe Alltech\"},\"image\":{\"@id\":\"https:\\\/\\\/www.nbs-cam.com\\\/en\\\/#\\\/schema\\\/logo\\\/image\\\/\"},\"sameAs\":[\"https:\\\/\\\/www.facebook.com\\\/GroupeAlltech\",\"https:\\\/\\\/www.youtube.com\\\/channel\\\/UCdTClIJLPI3ubtblixZ2a9A\"]}]}<\/script>\n<!-- \/ Yoast SEO plugin. -->","yoast_head_json":{"title":"AI100 high-definition smart camera system - NBS Cam","description":"La cam\u00e9ra de d\u00e9tection de pi\u00e9tons intelligente NBS-Cam AI100 adopte une technologie d'apprentissageen profondeur (DEEP Learning) pour d\u00e9tecter les pi\u00e9tons en temps r\u00e9el, afin d'avertir le conducteur des risques potentiels de collision avec les pi\u00e9tons et d'am\u00e9liorer la s\u00e9curit\u00e9 de conduite !","robots":{"index":"index","follow":"follow","max-snippet":"max-snippet:-1","max-image-preview":"max-image-preview:large","max-video-preview":"max-video-preview:-1"},"canonical":"https:\/\/www.nbs-cam.com\/en\/product\/systeme-de-camera-intelligente-haute-definition-ai100\/","og_locale":"en_US","og_type":"article","og_title":"AI100 high-definition smart camera system","og_description":"NBS AI100 Intelligent Pedestrian Detection Camera adopts deep learning technology to detect pedestrians in front of the vehicle, on the side and behind the vehicle in real time, so as to warn drivers of potential risks of collision with pedestrians, and improve the driving safety!The NBS AI100 camera can be installed on the side, front and back of the vehicle, to intelligently detect pedestrians within 20M in real time. In addition, this system can be used in various vehicles, such as buses, coaches, trucks, and construction machinery, etc.","og_url":"https:\/\/www.nbs-cam.com\/en\/product\/systeme-de-camera-intelligente-haute-definition-ai100\/","og_site_name":"NBS Cam","article_publisher":"https:\/\/www.facebook.com\/GroupeAlltech","article_modified_time":"2023-07-17T20:18:22+00:00","og_image":[{"width":2346,"height":1776,"url":"https:\/\/www.nbs-cam.com\/wp-content\/uploads\/2021\/07\/PK77.231A1_Characteristics-1.png","type":"image\/png"}],"twitter_card":"summary_large_image","twitter_misc":{"Est. reading time":"1 minute"},"schema":{"@context":"https:\/\/schema.org","@graph":[{"@type":"WebPage","@id":"https:\/\/www.nbs-cam.com\/en\/product\/systeme-de-camera-intelligente-haute-definition-ai100\/","url":"https:\/\/www.nbs-cam.com\/en\/product\/systeme-de-camera-intelligente-haute-definition-ai100\/","name":"AI100 high-definition smart camera system - NBS Cam","isPartOf":{"@id":"https:\/\/www.nbs-cam.com\/en\/#website"},"primaryImageOfPage":{"@id":"https:\/\/www.nbs-cam.com\/en\/product\/systeme-de-camera-intelligente-haute-definition-ai100\/#primaryimage"},"image":{"@id":"https:\/\/www.nbs-cam.com\/en\/product\/systeme-de-camera-intelligente-haute-definition-ai100\/#primaryimage"},"thumbnailUrl":"https:\/\/www.nbs-cam.com\/wp-content\/uploads\/2021\/07\/PK77.231A1.png","datePublished":"2021-07-19T18:09:36+00:00","dateModified":"2023-07-17T20:18:22+00:00","description":"La cam\u00e9ra de d\u00e9tection de pi\u00e9tons intelligente NBS-Cam AI100 adopte une technologie d'apprentissageen profondeur (DEEP Learning) pour d\u00e9tecter les pi\u00e9tons en temps r\u00e9el, afin d'avertir le conducteur des risques potentiels de collision avec les pi\u00e9tons et d'am\u00e9liorer la s\u00e9curit\u00e9 de conduite !","breadcrumb":{"@id":"https:\/\/www.nbs-cam.com\/en\/product\/systeme-de-camera-intelligente-haute-definition-ai100\/#breadcrumb"},"inLanguage":"en-US","potentialAction":[{"@type":"ReadAction","target":["https:\/\/www.nbs-cam.com\/en\/product\/systeme-de-camera-intelligente-haute-definition-ai100\/"]}]},{"@type":"ImageObject","inLanguage":"en-US","@id":"https:\/\/www.nbs-cam.com\/en\/product\/systeme-de-camera-intelligente-haute-definition-ai100\/#primaryimage","url":"https:\/\/www.nbs-cam.com\/wp-content\/uploads\/2021\/07\/PK77.231A1.png","contentUrl":"https:\/\/www.nbs-cam.com\/wp-content\/uploads\/2021\/07\/PK77.231A1.png","width":1884,"height":1377,"caption":"Cam\u00e9ra intelligente NBS AI100"},{"@type":"BreadcrumbList","@id":"https:\/\/www.nbs-cam.com\/en\/product\/systeme-de-camera-intelligente-haute-definition-ai100\/#breadcrumb","itemListElement":[{"@type":"ListItem","position":1,"name":"Accueil","item":"https:\/\/www.nbs-cam.com\/en\/"},{"@type":"ListItem","position":2,"name":"Boutique","item":"https:\/\/www.nbs-cam.com\/boutique\/"},{"@type":"ListItem","position":3,"name":"AI100 high-definition smart camera system"}]},{"@type":"WebSite","@id":"https:\/\/www.nbs-cam.com\/en\/#website","url":"https:\/\/www.nbs-cam.com\/en\/","name":"NBS Cam","description":"&Eacute;viter les angles morts!","publisher":{"@id":"https:\/\/www.nbs-cam.com\/en\/#organization"},"potentialAction":[{"@type":"SearchAction","target":{"@type":"EntryPoint","urlTemplate":"https:\/\/www.nbs-cam.com\/en\/?s={search_term_string}"},"query-input":{"@type":"PropertyValueSpecification","valueRequired":true,"valueName":"search_term_string"}}],"inLanguage":"en-US"},{"@type":"Organization","@id":"https:\/\/www.nbs-cam.com\/en\/#organization","name":"Groupe Alltech","url":"https:\/\/www.nbs-cam.com\/en\/","logo":{"@type":"ImageObject","inLanguage":"en-US","@id":"https:\/\/www.nbs-cam.com\/en\/#\/schema\/logo\/image\/","url":"https:\/\/www.nbs-cam.com\/wp-content\/uploads\/2021\/07\/NBS-Cam_Logo.jpg","contentUrl":"https:\/\/www.nbs-cam.com\/wp-content\/uploads\/2021\/07\/NBS-Cam_Logo.jpg","width":860,"height":262,"caption":"Groupe Alltech"},"image":{"@id":"https:\/\/www.nbs-cam.com\/en\/#\/schema\/logo\/image\/"},"sameAs":["https:\/\/www.facebook.com\/GroupeAlltech","https:\/\/www.youtube.com\/channel\/UCdTClIJLPI3ubtblixZ2a9A"]}]}},"_links":{"self":[{"href":"https:\/\/www.nbs-cam.com\/en\/wp-json\/wp\/v2\/product\/2148","targetHints":{"allow":["GET"]}}],"collection":[{"href":"https:\/\/www.nbs-cam.com\/en\/wp-json\/wp\/v2\/product"}],"about":[{"href":"https:\/\/www.nbs-cam.com\/en\/wp-json\/wp\/v2\/types\/product"}],"replies":[{"embeddable":true,"href":"https:\/\/www.nbs-cam.com\/en\/wp-json\/wp\/v2\/comments?post=2148"}],"wp:featuredmedia":[{"embeddable":true,"href":"https:\/\/www.nbs-cam.com\/en\/wp-json\/wp\/v2\/media\/2144"}],"wp:attachment":[{"href":"https:\/\/www.nbs-cam.com\/en\/wp-json\/wp\/v2\/media?parent=2148"}],"wp:term":[{"taxonomy":"product_brand","embeddable":true,"href":"https:\/\/www.nbs-cam.com\/en\/wp-json\/wp\/v2\/product_brand?post=2148"},{"taxonomy":"product_cat","embeddable":true,"href":"https:\/\/www.nbs-cam.com\/en\/wp-json\/wp\/v2\/product_cat?post=2148"},{"taxonomy":"product_tag","embeddable":true,"href":"https:\/\/www.nbs-cam.com\/en\/wp-json\/wp\/v2\/product_tag?post=2148"}],"curies":[{"name":"wp","href":"https:\/\/api.w.org\/{rel}","templated":true}]}}